{"id":2127,"date":"2025-07-29T14:19:52","date_gmt":"2025-07-29T19:19:52","guid":{"rendered":"http:\/\/adb.ec\/?page_id=2127"},"modified":"2025-08-27T12:44:51","modified_gmt":"2025-08-27T17:44:51","slug":"proyectos-desarrollo","status":"publish","type":"page","link":"https:\/\/adb.ec\/?page_id=2127","title":{"rendered":"Proyectos Desarrollo"},"content":{"rendered":"\t\t<div data-elementor-type=\"wp-page\" data-elementor-id=\"2127\" class=\"elementor elementor-2127\" data-elementor-post-type=\"page\">\n\t\t\t\t<div class=\"elementor-element elementor-element-d718389 e-con-full e-flex wpr-particle-no wpr-jarallax-no wpr-parallax-no wpr-sticky-section-no e-con e-parent\" data-id=\"d718389\" data-element_type=\"container\" data-e-type=\"container\" data-settings=\"{&quot;background_background&quot;:&quot;classic&quot;}\">\n\t\t<div class=\"elementor-element elementor-element-2f7aaf2 e-con-full e-flex wpr-particle-no wpr-jarallax-no wpr-parallax-no wpr-sticky-section-no e-con e-child\" data-id=\"2f7aaf2\" data-element_type=\"container\" data-e-type=\"container\">\n\t\t\t\t<div class=\"elementor-element elementor-element-adb459b elementor-widget elementor-widget-spacer\" data-id=\"adb459b\" data-element_type=\"widget\" data-e-type=\"widget\" data-widget_type=\"spacer.default\">\n\t\t\t\t<div class=\"elementor-widget-container\">\n\t\t\t\t\t\t\t<div class=\"elementor-spacer\">\n\t\t\t<div class=\"elementor-spacer-inner\"><\/div>\n\t\t<\/div>\n\t\t\t\t\t\t<\/div>\n\t\t\t\t<\/div>\n\t\t\t\t<\/div>\n\t\t<div class=\"elementor-element elementor-element-0ff731d e-con-full e-flex wpr-particle-no wpr-jarallax-no wpr-parallax-no wpr-sticky-section-no e-con e-child\" data-id=\"0ff731d\" data-element_type=\"container\" data-e-type=\"container\">\n\t\t<div class=\"elementor-element elementor-element-47dc864 e-con-full e-flex wpr-particle-no wpr-jarallax-no wpr-parallax-no wpr-sticky-section-no e-con e-child\" data-id=\"47dc864\" data-element_type=\"container\" data-e-type=\"container\">\n\t\t\t\t<\/div>\n\t\t\t\t<\/div>\n\t\t\t\t<\/div>\n\t\t<div class=\"elementor-element elementor-element-159630e e-flex e-con-boxed wpr-particle-no wpr-jarallax-no wpr-parallax-no wpr-sticky-section-no e-con e-parent\" data-id=\"159630e\" data-element_type=\"container\" data-e-type=\"container\">\n\t\t\t\t\t<div class=\"e-con-inner\">\n\t\t<div class=\"elementor-element elementor-element-eace48f e-con-full e-flex wpr-particle-no wpr-jarallax-no wpr-parallax-no wpr-sticky-section-no e-con e-child\" data-id=\"eace48f\" data-element_type=\"container\" data-e-type=\"container\">\n\t\t<div class=\"elementor-element elementor-element-49167d5 e-con-full e-flex wpr-particle-no wpr-jarallax-no wpr-parallax-no wpr-sticky-section-no e-con e-child\" data-id=\"49167d5\" data-element_type=\"container\" data-e-type=\"container\">\n\t\t\t\t<div class=\"elementor-element elementor-element-d47c1a3 elementor-widget elementor-widget-image\" data-id=\"d47c1a3\" data-element_type=\"widget\" data-e-type=\"widget\" data-widget_type=\"image.default\">\n\t\t\t\t<div class=\"elementor-widget-container\">\n\t\t\t\t\t\t\t\t\t\t\t\t\t\t\t<img decoding=\"async\" width=\"133\" height=\"133\" src=\"https:\/\/adb.ec\/wp-content\/uploads\/2025\/07\/Recurso-31@2x-1.png\" class=\"attachment-large size-large wp-image-2129\" alt=\"\" \/>\t\t\t\t\t\t\t\t\t\t\t\t\t\t\t<\/div>\n\t\t\t\t<\/div>\n\t\t\t\t<\/div>\n\t\t<div class=\"elementor-element elementor-element-377834d e-con-full e-flex wpr-particle-no wpr-jarallax-no wpr-parallax-no wpr-sticky-section-no e-con e-child\" data-id=\"377834d\" data-element_type=\"container\" data-e-type=\"container\">\n\t\t\t\t<div class=\"elementor-element elementor-element-bbaf1d1 elementor-widget elementor-widget-heading\" data-id=\"bbaf1d1\" data-element_type=\"widget\" data-e-type=\"widget\" data-widget_type=\"heading.default\">\n\t\t\t\t<div class=\"elementor-widget-container\">\n\t\t\t\t\t<h2 class=\"elementor-heading-title elementor-size-default\">Proyectos de<\/h2>\t\t\t\t<\/div>\n\t\t\t\t<\/div>\n\t\t\t\t<div class=\"elementor-element elementor-element-1bbfa07 elementor-widget elementor-widget-heading\" data-id=\"1bbfa07\" data-element_type=\"widget\" data-e-type=\"widget\" data-widget_type=\"heading.default\">\n\t\t\t\t<div class=\"elementor-widget-container\">\n\t\t\t\t\t<h2 class=\"elementor-heading-title elementor-size-default\">Desarrollo<\/h2>\t\t\t\t<\/div>\n\t\t\t\t<\/div>\n\t\t\t\t<\/div>\n\t\t\t\t<\/div>\n\t\t\t\t\t<\/div>\n\t\t\t\t<\/div>\n\t\t<div class=\"elementor-element elementor-element-1ac23a3 e-con-full e-flex wpr-particle-no wpr-jarallax-no wpr-parallax-no wpr-sticky-section-no e-con e-parent\" data-id=\"1ac23a3\" data-element_type=\"container\" data-e-type=\"container\" data-settings=\"{&quot;background_background&quot;:&quot;classic&quot;}\">\n\t\t<div class=\"elementor-element elementor-element-e1eac32 e-con-full e-flex wpr-particle-no wpr-jarallax-no wpr-parallax-no wpr-sticky-section-no e-con e-child\" data-id=\"e1eac32\" data-element_type=\"container\" data-e-type=\"container\">\n\t\t\t\t<div class=\"elementor-element elementor-element-66e431d elementor-widget elementor-widget-spacer\" data-id=\"66e431d\" data-element_type=\"widget\" data-e-type=\"widget\" data-widget_type=\"spacer.default\">\n\t\t\t\t<div class=\"elementor-widget-container\">\n\t\t\t\t\t\t\t<div class=\"elementor-spacer\">\n\t\t\t<div class=\"elementor-spacer-inner\"><\/div>\n\t\t<\/div>\n\t\t\t\t\t\t<\/div>\n\t\t\t\t<\/div>\n\t\t\t\t<div class=\"elementor-element elementor-element-fc3bd06 elementor-widget__width-initial elementor-widget elementor-widget-text-editor\" data-id=\"fc3bd06\" data-element_type=\"widget\" data-e-type=\"widget\" data-widget_type=\"text-editor.default\">\n\t\t\t\t<div class=\"elementor-widget-container\">\n\t\t\t\t\t\t\t\t\t<p>Producimos materiales de comunicaci\u00f3n que visibilizan proyectos de desarrollo orientados a mejorar las condiciones de vida de la poblaci\u00f3n m\u00e1s vulnerable.<\/p>\t\t\t\t\t\t\t\t<\/div>\n\t\t\t\t<\/div>\n\t\t\t\t<\/div>\n\t\t<div class=\"elementor-element elementor-element-c01baa9 e-con-full e-flex wpr-particle-no wpr-jarallax-no wpr-parallax-no wpr-sticky-section-no e-con e-child\" data-id=\"c01baa9\" data-element_type=\"container\" data-e-type=\"container\">\n\t\t<div class=\"elementor-element elementor-element-0dde601 e-con-full e-flex wpr-particle-no wpr-jarallax-no wpr-parallax-no wpr-sticky-section-no e-con e-child\" data-id=\"0dde601\" data-element_type=\"container\" data-e-type=\"container\" data-settings=\"{&quot;background_background&quot;:&quot;classic&quot;}\">\n\t\t\t\t<\/div>\n\t\t<div class=\"elementor-element elementor-element-e81b8dc e-con-full e-flex wpr-particle-no wpr-jarallax-no wpr-parallax-no wpr-sticky-section-no e-con e-child\" data-id=\"e81b8dc\" data-element_type=\"container\" data-e-type=\"container\" data-settings=\"{&quot;background_background&quot;:&quot;classic&quot;}\">\n\t\t\t\t<div class=\"elementor-element elementor-element-fce676e elementor-widget elementor-widget-spacer\" data-id=\"fce676e\" data-element_type=\"widget\" data-e-type=\"widget\" data-widget_type=\"spacer.default\">\n\t\t\t\t<div class=\"elementor-widget-container\">\n\t\t\t\t\t\t\t<div class=\"elementor-spacer\">\n\t\t\t<div class=\"elementor-spacer-inner\"><\/div>\n\t\t<\/div>\n\t\t\t\t\t\t<\/div>\n\t\t\t\t<\/div>\n\t\t\t\t<div class=\"elementor-element elementor-element-36ae432 elementor-widget elementor-widget-video\" data-id=\"36ae432\" data-element_type=\"widget\" data-e-type=\"widget\" data-settings=\"{&quot;youtube_url&quot;:&quot;https:\\\/\\\/youtu.be\\\/37iXaSO0Ij4&quot;,&quot;video_type&quot;:&quot;youtube&quot;,&quot;controls&quot;:&quot;yes&quot;}\" data-widget_type=\"video.default\">\n\t\t\t\t<div class=\"elementor-widget-container\">\n\t\t\t\t\t\t\t<div class=\"elementor-wrapper elementor-open-inline\">\n\t\t\t<div class=\"elementor-video\"><\/div>\t\t<\/div>\n\t\t\t\t\t\t<\/div>\n\t\t\t\t<\/div>\n\t\t\t\t<div class=\"elementor-element elementor-element-d2d5d6e elementor-widget elementor-widget-spacer\" data-id=\"d2d5d6e\" data-element_type=\"widget\" data-e-type=\"widget\" data-widget_type=\"spacer.default\">\n\t\t\t\t<div class=\"elementor-widget-container\">\n\t\t\t\t\t\t\t<div class=\"elementor-spacer\">\n\t\t\t<div class=\"elementor-spacer-inner\"><\/div>\n\t\t<\/div>\n\t\t\t\t\t\t<\/div>\n\t\t\t\t<\/div>\n\t\t\t\t<\/div>\n\t\t<div class=\"elementor-element elementor-element-1fa21ba e-con-full e-flex wpr-particle-no wpr-jarallax-no wpr-parallax-no wpr-sticky-section-no e-con e-child\" data-id=\"1fa21ba\" data-element_type=\"container\" data-e-type=\"container\" data-settings=\"{&quot;background_background&quot;:&quot;classic&quot;}\">\n\t\t\t\t<\/div>\n\t\t\t\t<\/div>\n\t\t\t\t<\/div>\n\t\t<div class=\"elementor-element elementor-element-353e72c e-con-full e-flex wpr-particle-no wpr-jarallax-no wpr-parallax-no wpr-sticky-section-no e-con e-parent\" data-id=\"353e72c\" data-element_type=\"container\" data-e-type=\"container\">\n\t\t<div class=\"elementor-element elementor-element-30806d5 e-con-full e-flex wpr-particle-no wpr-jarallax-no wpr-parallax-no wpr-sticky-section-no e-con e-child\" data-id=\"30806d5\" data-element_type=\"container\" data-e-type=\"container\">\n\t\t\t\t<div class=\"elementor-element elementor-element-932f125 elementor-widget elementor-widget-shortcode\" data-id=\"932f125\" data-element_type=\"widget\" data-e-type=\"widget\" data-widget_type=\"shortcode.default\">\n\t\t\t\t<div class=\"elementor-widget-container\">\n\t\t\t\t\t\t\t<div class=\"elementor-shortcode\"> <div class=\"wp3dcarousellightbox_options\" data-skinsfoldername=\"\"  data-jsfolder=\"https:\/\/adb.ec\/wp-content\/plugins\/wonderplugin-3dcarousel\/engine\/\" style=\"display:none;\"><\/div>\r\n<div class=\"wonderplugin3dcarousel-container\" id=\"wonderplugin3dcarousel-container-4\" style=\"display:block;position:relative;margin:0 auto;padding:0;\"><div class=\"wonderplugin3dcarousel\" id=\"wonderplugin3dcarousel-4\" data-carouselid=\"4\" data-width=\"450\" data-height=\"300\" data-skin=\"threedsliderwithhovertitle\" data-donotzoomin=\"true\" data-addimgoverlay=\"false\" data-applylinktohoveroverlay=\"true\" data-showtitle=\"true\" data-showdescription=\"true\" data-showbutton=\"true\" data-arrowsinsidelist=\"true\" data-showplayvideo=\"true\" data-lightboxinityoutube=\"true\" data-lightboxinitvimeo=\"true\" data-showimgtitle=\"false\" data-addwoocommerceclass=\"true\" data-usedatatitle=\"true\" data-autoslide=\"true\" data-autoslidewhenscrollinview=\"false\" data-pauseonmouseover=\"true\" data-onlyenablelightboxoncenter=\"false\" data-loop=\"true\" data-loopslide=\"true\" data-random=\"false\" data-onlyenableweblinkoncenter=\"false\" data-donotinit=\"false\" data-addinitscript=\"false\" data-doshortcodeontext=\"false\" data-triggerresize=\"false\" data-removeinlinecss=\"true\" data-lightboxresponsive=\"true\" data-lightboxshownavigation=\"true\" data-lightboxnogroup=\"false\" data-lightboxshowtitle=\"true\" data-lightboxshowdescription=\"false\" data-lightboxshownavcontrol=\"true\" data-lightboxhidenavdefault=\"false\" data-lightboximagekeepratio=\"true\" data-lightboxshowsocial=\"false\" data-lightboxshowfacebook=\"true\" data-lightboxshowtwitter=\"true\" data-lightboxshowpinterest=\"true\" data-lightboxsocialrotateeffect=\"true\" data-lightboxfullscreenmode=\"false\" data-lightboxcloseonoverlay=\"true\" data-lightboxvideohidecontrols=\"false\" data-lightboxloopvideo=\"false\" data-lightboxautoslide=\"false\" data-lightboxshowtimer=\"true\" data-lightboxshowplaybutton=\"true\" data-lightboxalwaysshownavarrows=\"false\" data-lightboxshowtitleprefix=\"true\" data-template=\"3dslider\" data-scalemode=\"fill\" data-imghovereffect=\"fade\" data-itembgcolor=\"transparent\" data-itemborder=\"0\" data-carouselmargin=\"48px 0\" data-medium_carouselmargin=\"48px 0\" data-small_carouselmargin=\"32px 0\" data-textstyle=\"none\" data-texteffect=\"none\" data-arrowstyle=\"mouseover\" data-arrowpos=\"side\" data-arrowimage=\"arrows-48-48-1.png\" data-arrowwidth=\"48\" data-arrowheight=\"48\" data-arrowanimation=\"slide\" data-navstyle=\"bullets\" data-navimage=\"bullet-16-16-0.png\" data-navwidth=\"16\" data-navheight=\"16\" data-navspacing=\"8\" data-playvideoimage=\"playvideo-64-64-0.png\" data-playvideoposition=\"center center\" data-ga4account=\"\" data-googleanalyticsaccount=\"\" data-imgtitle=\"title\" data-autoslidedir=\"right\" data-slideinterval=\"5000\" data-firstitem=\"0\" data-visibleitems=\"3\" data-perspective=\"2000\" data-xdis=\"400\" data-zdis=\"300\" data-yrotate=\"45\" data-transition=\"all 0.5s ease-in-out\" data-medium_screenwidth=\"768\" data-medium_width=\"300\" data-medium_height=\"300\" data-medium_visibleitems=\"3\" data-medium_perspective=\"2000\" data-medium_xdis=\"300\" data-medium_zdis=\"300\" data-medium_yrotate=\"45\" data-medium_transition=\"all 0.5s ease-in-out\" data-small_screenwidth=\"414\" data-small_width=\"350\" data-small_height=\"200\" data-small_visibleitems=\"1\" data-small_perspective=\"2000\" data-small_xdis=\"300\" data-small_zdis=\"300\" data-small_yrotate=\"45\" data-small_transition=\"all 0.5s ease-in-out\" data-facemode=\"circle\" data-itemspace=\"8\" data-rotatex=\"-8\" data-scaleratio=\"1.2\" data-triggerresizedelay=\"100\" data-lightboxthumbwidth=\"90\" data-lightboxthumbheight=\"60\" data-lightboxthumbtopmargin=\"12\" data-lightboxthumbbottommargin=\"4\" data-lightboxbarheight=\"64\" data-lightboxtitlebottomcss=\"{color:#333; font-size:14px; font-family:Armata,sans-serif,Arial; overflow:hidden; text-align:left;}\" data-lightboxdescriptionbottomcss=\"{color:#333; font-size:12px; font-family:Arial,Helvetica,sans-serif; overflow:hidden; text-align:left; margin:4px 0px 0px; padding: 0px;}\" data-lightboxnavbgcolor=\"rgba(0,0,0,0.2)\" data-lightboxtitlestyle=\"bottom\" data-lightboximagepercentage=\"75\" data-lightboxdefaultvideovolume=\"1\" data-lightboxoverlaybgcolor=\"#000\" data-lightboxoverlayopacity=\"0.9\" data-lightboxbgcolor=\"#fff\" data-lightboxtitleprefix=\"%NUM \/ %TOTAL\" data-lightboxtitleinsidecss=\"color:#fff; font-size:16px; font-family:Arial,Helvetica,sans-serif; overflow:hidden; text-align:left;\" data-lightboxdescriptioninsidecss=\"color:#fff; font-size:12px; font-family:Arial,Helvetica,sans-serif; overflow:hidden; text-align:left; margin:4px 0px 0px; padding: 0px;\" data-lightboxsocialposition=\"position:absolute;top:100%;right:0;\" data-lightboxsocialpositionsmallscreen=\"position:absolute;top:100%;right:0;left:0;\" data-lightboxsocialdirection=\"horizontal\" data-lightboxsocialbuttonsize=\"32\" data-lightboxsocialbuttonfontsize=\"18\" data-lightboxslideinterval=\"5000\" data-lightboxtimerposition=\"bottom\" data-lightboxtimercolor=\"#dc572e\" data-lightboxtimeropacity=\"1\" data-lightboxbordersize=\"8\" data-lightboxborderradius=\"0\" data-jsfolder=\"https:\/\/adb.ec\/wp-content\/plugins\/wonderplugin-3dcarousel\/engine\/\" style=\"display:none;position:relative;margin:0 auto;width:100%;max-width:100%;\" ><div class=\"wonderplugin3dcarousel-list-container\"><ul class=\"wonderplugin3dcarousel-list\"><li class=\"wonderplugin3dcarousel-item lightboxcontainer\"><div class=\"wonderplugin3dcarousel-item-extrainfo lightboxextrainfo\"><div class=\"wonderplugin3dcarousel-item-text-title lightboxtitle\">Salinas de Guaranda tr\u00e1iler<\/div><div class=\"wonderplugin3dcarousel-item-text-description lightboxdescription\">Los Salesianos de Ecuador, con el padre Antonio Polo, iniciaron una misi\u00f3n en Salinas con voluntarios. Promovieron cooperativas en l\u00e1cteos, microcr\u00e9dito y comercio solidario para apoyar a la comunidad.<\/div><\/div><div class=\"wonderplugin3dcarousel-item-container\"><div class=\"wonderplugin3dcarousel-content\">\n\t<div class=\"wonderplugin3dcarousel-image\"><a href=\"https:\/\/www.youtube.com\/embed\/XMQ56LYoRbo\" data-thumbnail=\"https:\/\/img.youtube.com\/vi\/XMQ56LYoRbo\/0.jpg\" class=\"wp3dcarousellightbox wp3dcarousellightbox-4\" data-group=\"wp3dcarousellightbox-4\"><div class=\"wonderplugin3dcarousel-img-container\"><img decoding=\"async\" class=\"wonderplugin3dcarousel-img\" src=\"https:\/\/img.youtube.com\/vi\/XMQ56LYoRbo\/0.jpg\" alt=\"\" \/><\/div><\/a><\/div>\n<\/div>\n\n<div class=\"wonderplugin3dcarousel-hoveroverlay\">\n\t<div class=\"wonderplugin3dcarousel-hoveroverlay-text\">\n\t\t<div class=\"wonderplugin3dcarousel-hoveroverlay-title\">Salinas de Guaranda tr\u00e1iler<\/div>\n\t\t<div class=\"wonderplugin3dcarousel-hoveroverlay-description\">Los Salesianos de Ecuador, con el padre Antonio Polo, iniciaron una misi\u00f3n en Salinas con voluntarios. Promovieron cooperativas en l\u00e1cteos, microcr\u00e9dito y comercio solidario para apoyar a la comunidad.<\/div>\n\t\t<div class=\"wonderplugin3dcarousel-hoveroverlay-button\"><\/div>\n\t<\/div>\n<\/div><\/div><\/li><li class=\"wonderplugin3dcarousel-item lightboxcontainer\"><div class=\"wonderplugin3dcarousel-item-extrainfo lightboxextrainfo\"><div class=\"wonderplugin3dcarousel-item-text-title lightboxtitle\">Clip historia de vida Golaso Neymar<\/div><div class=\"wonderplugin3dcarousel-item-text-description lightboxdescription\">GolASO es un proyecto salesiano que apoya a j\u00f3venes vulnerables a trav\u00e9s del deporte.\nLa historia de Neymar muestra c\u00f3mo esta iniciativa transform\u00f3 su vida y la de su familia.<\/div><\/div><div class=\"wonderplugin3dcarousel-item-container\"><div class=\"wonderplugin3dcarousel-content\">\n\t<div class=\"wonderplugin3dcarousel-image\"><a href=\"https:\/\/www.youtube.com\/embed\/hmGwr1Q82Xo\" data-thumbnail=\"https:\/\/img.youtube.com\/vi\/hmGwr1Q82Xo\/0.jpg\" class=\"wp3dcarousellightbox wp3dcarousellightbox-4\" data-group=\"wp3dcarousellightbox-4\"><div class=\"wonderplugin3dcarousel-img-container\"><img decoding=\"async\" class=\"wonderplugin3dcarousel-img\" src=\"https:\/\/img.youtube.com\/vi\/hmGwr1Q82Xo\/0.jpg\" alt=\"\" \/><\/div><\/a><\/div>\n<\/div>\n\n<div class=\"wonderplugin3dcarousel-hoveroverlay\">\n\t<div class=\"wonderplugin3dcarousel-hoveroverlay-text\">\n\t\t<div class=\"wonderplugin3dcarousel-hoveroverlay-title\">Clip historia de vida Golaso Neymar<\/div>\n\t\t<div class=\"wonderplugin3dcarousel-hoveroverlay-description\">GolASO es un proyecto salesiano que apoya a j\u00f3venes vulnerables a trav\u00e9s del deporte.\nLa historia de Neymar muestra c\u00f3mo esta iniciativa transform\u00f3 su vida y la de su familia.<\/div>\n\t\t<div class=\"wonderplugin3dcarousel-hoveroverlay-button\"><\/div>\n\t<\/div>\n<\/div><\/div><\/li><li class=\"wonderplugin3dcarousel-item lightboxcontainer\"><div class=\"wonderplugin3dcarousel-item-extrainfo lightboxextrainfo\"><div class=\"wonderplugin3dcarousel-item-text-title lightboxtitle\">El p\u00e1ramo es vida pastilla<\/div><div class=\"wonderplugin3dcarousel-item-text-description lightboxdescription\">En Salinas y Simiatug (Bol\u00edvar), las comunidades se dedican a la ganader\u00eda. La Fundaci\u00f3n Promoci\u00f3n Humana impulsa su econom\u00eda con la producci\u00f3n local de queso parmesano.<\/div><\/div><div class=\"wonderplugin3dcarousel-item-container\"><div class=\"wonderplugin3dcarousel-content\">\n\t<div class=\"wonderplugin3dcarousel-image\"><a href=\"https:\/\/www.youtube.com\/embed\/37iXaSO0Ij4\" data-thumbnail=\"https:\/\/img.youtube.com\/vi\/37iXaSO0Ij4\/0.jpg\" class=\"wp3dcarousellightbox wp3dcarousellightbox-4\" data-group=\"wp3dcarousellightbox-4\"><div class=\"wonderplugin3dcarousel-img-container\"><img decoding=\"async\" class=\"wonderplugin3dcarousel-img\" src=\"https:\/\/img.youtube.com\/vi\/37iXaSO0Ij4\/0.jpg\" alt=\"\" \/><\/div><\/a><\/div>\n<\/div>\n\n<div class=\"wonderplugin3dcarousel-hoveroverlay\">\n\t<div class=\"wonderplugin3dcarousel-hoveroverlay-text\">\n\t\t<div class=\"wonderplugin3dcarousel-hoveroverlay-title\">El p\u00e1ramo es vida pastilla<\/div>\n\t\t<div class=\"wonderplugin3dcarousel-hoveroverlay-description\">En Salinas y Simiatug (Bol\u00edvar), las comunidades se dedican a la ganader\u00eda. La Fundaci\u00f3n Promoci\u00f3n Humana impulsa su econom\u00eda con la producci\u00f3n local de queso parmesano.<\/div>\n\t\t<div class=\"wonderplugin3dcarousel-hoveroverlay-button\"><\/div>\n\t<\/div>\n<\/div><\/div><\/li><\/ul><\/div><div class=\"wonderplugin-3dcarousel-engine\"><a href=\"https:\/\/www.wonderplugin.com\/wordpress-3dcarousel\/\" title=\"WordPress 3D Carousel Plugin\">WordPress 3D Carousel Plugin<\/a><\/div><\/div><\/div><script>function wp3dcarousel_4_appendcss(csscode) {var head=document.head || document.getElementsByTagName(\"head\")[0];var style=document.createElement(\"style\");head.appendChild(style);style.type=\"text\/css\";if (style.styleSheet){style.styleSheet.cssText=csscode;} else {style.appendChild(document.createTextNode(csscode));}};wp3dcarousel_4_appendcss(\"#wonderplugin3dcarousel-4 .wonderplugin3dcarousel-hoveroverlay-title { \ttext-align: center;  \tfont-size: 16px; \tmargin: 0 auto; \tpadding: 8px;   }#wonderplugin3dcarousel-4 .wonderplugin3dcarousel-hoveroverlay-description { \ttext-align: center; \tfont-size: 12px; \tmargin: 0 auto; \tpadding: 8px;   }#wonderplugin3dcarousel-4 .wonderplugin3dcarousel-hoveroverlay-button { \ttext-align: center;   }#wonderplugin3dcarousel-4 .wonderplugin3dcarousel-content-title { \ttext-align: center;  \tfont-size: 16px; \tmargin: 8px auto; \tpadding: 0;   }#wonderplugin3dcarousel-4 .wonderplugin3dcarousel-content-description { \ttext-align: center; \tfont-size: 12px; \tmargin: 8px auto; \tpadding: 0;   }#wonderplugin3dcarousel-4 .wonderplugin3dcarousel-title { \ttext-align: center;  \tfont-size: 16px; \tmargin: 0 auto; \tpadding: 8px;   }#wonderplugin3dcarousel-4 .wonderplugin3dcarousel-description { \ttext-align: center; \tfont-size: 12px; \tmargin: 0 auto; \tpadding: 8px;   }#wonderplugin3dcarousel-4 .wonderplugin3dcarousel-button { \ttext-align: center; \tmargin: 0 auto;   }#wonderplugin3dcarousel-4 .wonderplugin3dcarousel-content { \tposition: relative; \tdisplay: block;   }#wonderplugin3dcarousel-4 .wonderplugin3dcarousel-hoveroverlay { \tposition: absolute; \tdisplay: block; \tbottom:0; \tleft: 0; \twidth: 100%; \theight: auto; \tmargin: 0; \tpadding: 0; \tbox-sizing: border-box; \tbackground-color: rgba(0, 0, 0, 0.5); \tcolor: #fff;   }#wonderplugin3dcarousel-4 .wonderplugin3dcarousel-hoveroverlay-text { \tdisplay: block; \tposition: relative;   }#wonderplugin3dcarousel-4 .wonderplugin3dcarousel-img-overlay { \tdisplay: block; \tposition: absolute; \ttop: 0; \tleft: 0; \twidth: 100%; \theight: 100%; \tbackground-color: #000; \topacity: 0.5; \ttransition: opacity 0.3s;   }#wonderplugin3dcarousel-4 .wonderplugin3dcarousel-img-overlay:hover, #wonderplugin3dcarousel-4 .wonderplugin3dcarousel-item-current .wonderplugin3dcarousel-img-overlay { \topacity: 0;   }#wonderplugin3dcarousel-4 .wonderplugin3dcarousel-nav { \tdisplay: block; \tposition: relative; \tmargin: 0 auto; \tpadding: 8px; }\");<\/script><\/div>\n\t\t\t\t\t\t<\/div>\n\t\t\t\t<\/div>\n\t\t\t\t<\/div>\n\t\t\t\t<\/div>\n\t\t\t\t<\/div>\n\t\t","protected":false},"excerpt":{"rendered":"<p>Proyectos de Desarrollo Producimos materiales de comunicaci\u00f3n que visibilizan proyectos de desarrollo orientados a mejorar las condiciones de vida de la poblaci\u00f3n m\u00e1s vulnerable.<\/p>\n","protected":false},"author":1,"featured_media":0,"parent":0,"menu_order":0,"comment_status":"closed","ping_status":"closed","template":"elementor_header_footer","meta":{"_acf_changed":false,"site-sidebar-layout":"no-sidebar","site-content-layout":"","ast-site-content-layout":"full-width-container","site-content-style":"default","site-sidebar-style":"default","ast-global-header-display":"","ast-banner-title-visibility":"","ast-main-header-display":"","ast-hfb-above-header-display":"","ast-hfb-below-header-display":"","ast-hfb-mobile-header-display":"","site-post-title":"disabled","ast-breadcrumbs-content":"","ast-featured-img":"disabled","footer-sml-layout":"","ast-disable-related-posts":"","theme-transparent-header-meta":"","adv-header-id-meta":"","stick-header-meta":"","header-above-stick-meta":"","header-main-stick-meta":"","header-below-stick-meta":"","astra-migrate-meta-layouts":"default","ast-page-background-enabled":"default","ast-page-background-meta":{"desktop":{"background-color":"var(--ast-global-color-4)","background-image":"","background-repeat":"repeat","background-position":"center center","background-size":"auto","background-attachment":"scroll","background-type":"","background-media":"","overlay-type":"","overlay-color":"","overlay-opacity":"","overlay-gradient":""},"tablet":{"background-color":"","background-image":"","background-repeat":"repeat","background-position":"center center","background-size":"auto","background-attachment":"scroll","background-type":"","background-media":"","overlay-type":"","overlay-color":"","overlay-opacity":"","overlay-gradient":""},"mobile":{"background-color":"","background-image":"","background-repeat":"repeat","background-position":"center center","background-size":"auto","background-attachment":"scroll","background-type":"","background-media":"","overlay-type":"","overlay-color":"","overlay-opacity":"","overlay-gradient":""}},"ast-content-background-meta":{"desktop":{"background-color":"var(--ast-global-color-5)","background-image":"","background-repeat":"repeat","background-position":"center center","background-size":"auto","background-attachment":"scroll","background-type":"","background-media":"","overlay-type":"","overlay-color":"","overlay-opacity":"","overlay-gradient":""},"tablet":{"background-color":"var(--ast-global-color-5)","background-image":"","background-repeat":"repeat","background-position":"center center","background-size":"auto","background-attachment":"scroll","background-type":"","background-media":"","overlay-type":"","overlay-color":"","overlay-opacity":"","overlay-gradient":""},"mobile":{"background-color":"var(--ast-global-color-5)","background-image":"","background-repeat":"repeat","background-position":"center center","background-size":"auto","background-attachment":"scroll","background-type":"","background-media":"","overlay-type":"","overlay-color":"","overlay-opacity":"","overlay-gradient":""}},"footnotes":""},"class_list":["post-2127","page","type-page","status-publish","hentry"],"acf":[],"aioseo_notices":[],"_links":{"self":[{"href":"https:\/\/adb.ec\/index.php?rest_route=\/wp\/v2\/pages\/2127","targetHints":{"allow":["GET"]}}],"collection":[{"href":"https:\/\/adb.ec\/index.php?rest_route=\/wp\/v2\/pages"}],"about":[{"href":"https:\/\/adb.ec\/index.php?rest_route=\/wp\/v2\/types\/page"}],"author":[{"embeddable":true,"href":"https:\/\/adb.ec\/index.php?rest_route=\/wp\/v2\/users\/1"}],"replies":[{"embeddable":true,"href":"https:\/\/adb.ec\/index.php?rest_route=%2Fwp%2Fv2%2Fcomments&post=2127"}],"version-history":[{"count":0,"href":"https:\/\/adb.ec\/index.php?rest_route=\/wp\/v2\/pages\/2127\/revisions"}],"wp:attachment":[{"href":"https:\/\/adb.ec\/index.php?rest_route=%2Fwp%2Fv2%2Fmedia&parent=2127"}],"curies":[{"name":"wp","href":"https:\/\/api.w.org\/{rel}","templated":true}]}}